{"id":9208,"date":"2015-12-21T18:51:17","date_gmt":"2015-12-21T15:51:17","guid":{"rendered":"http:\/\/maximastables.ru\/en\/photo\/"},"modified":"2023-09-14T11:02:28","modified_gmt":"2023-09-14T08:02:28","slug":"photo","status":"publish","type":"page","link":"https:\/\/maximastables.ru\/en\/photo\/","title":{"rendered":"\u0424\u043e\u0442\u043e"},"content":{"rendered":"<div class=\"scrollable-wrapper\">\n<section class=\"portfolios  scroll-x title-below no-description \" id=\"69e2fe0d4ba8d\">\n\t\t<ul class=\"clearfix  portfolio-items\" data-columns=\"3\">\n\t\t<li data-id=\"9203\" data-type=\"sportsmans\" class=\"no-title no-description  has-button state-closed\">\n\t<div class=\"portfolio-item-wrapper\">\n\t\t\t\t<div class=\"portfolio-image\">\n\t\t\t<div class=\"thumbnail\" style=\"max-height:400px\">\n\t\t\t\t\t\t\t\t\t\t<img width=\"360\" height=\"240\" src=\"https:\/\/maximastables.ru\/wp-content\/uploads\/2016\/01\/8R9T7509-2-360x240.jpg\" class=\"attachment-portfolio-loop-3 size-portfolio-loop-3 wp-post-image\" alt=\"\" decoding=\"async\" srcset=\"https:\/\/maximastables.ru\/wp-content\/uploads\/2016\/01\/8R9T7509-2-360x240.jpg 360w, https:\/\/maximastables.ru\/wp-content\/uploads\/2016\/01\/8R9T7509-2-300x200.jpg 300w, https:\/\/maximastables.ru\/wp-content\/uploads\/2016\/01\/8R9T7509-2-1024x683.jpg 1024w, https:\/\/maximastables.ru\/wp-content\/uploads\/2016\/01\/8R9T7509-2-600x400.jpg 600w, https:\/\/maximastables.ru\/wp-content\/uploads\/2016\/01\/8R9T7509-2-1140x760.jpg 1140w, https:\/\/maximastables.ru\/wp-content\/uploads\/2016\/01\/8R9T7509-2-555x370.jpg 555w, https:\/\/maximastables.ru\/wp-content\/uploads\/2016\/01\/8R9T7509-2-262x175.jpg 262w, https:\/\/maximastables.ru\/wp-content\/uploads\/2016\/01\/8R9T7509-2.jpg 1944w\" sizes=\"(max-width: 360px) 100vw, 360px\" \/>\t\t\t\t\t\t\t<\/div><!-- \/ .thumbnail -->\n\t\t<\/div>\n\n\t\t\t\t\t<div class=\"portfolio_details project-info-pad folio has-overlay\">\n\t\t\t\t\t\t\t\t\t<h3 class=\"title\">\n\t\t\t\t\t\t\t\t\t\t\t\t\tSportsmen\t\t\t\t\t\t\t\t\t\t\t<\/h3>\n\t\t\t\t\t\t\t\t\t\t\t<\/div>\n\t\t\n\t\t\t\t\t<span class=\"thumbnail-overlay\">\n\t\t\t\t<span class=\"meta\">\n\t\t\t\t\t\t\t\t\t\t<div class=\"more-button \">\n\t\t\t\t\t\t<a class=\"vamtam-button accent2 hover-accent1  no-lightbox link\" target=\"_self\" href=\"https:\/\/maximastables.ru\/en\/portfolio\/sportsman\/\" >\n\t\t\t\t\t\t\t\u0421\u043c\u043e\u0442\u0440\u0435\u0442\u044c\t\t\t\t\t\t<\/a>\n\t\t\t\t\t<\/div>\n\t\t\t\t\t\t\t\t\t<\/span>\n\t\t\t<\/span>\n\t\t\t\t\t\t<\/div>\n<\/li><li data-id=\"9206\" data-type=\"dressage\" class=\"no-title no-description  has-button state-closed\">\n\t<div class=\"portfolio-item-wrapper\">\n\t\t\t\t<div class=\"portfolio-image\">\n\t\t\t<div class=\"thumbnail\" style=\"max-height:400px\">\n\t\t\t\t\t\t\t\t\t\t<img width=\"360\" height=\"240\" src=\"https:\/\/maximastables.ru\/wp-content\/uploads\/2015\/12\/8R9T7839-360x240.jpg\" class=\"attachment-portfolio-loop-3 size-portfolio-loop-3 wp-post-image\" alt=\"\" decoding=\"async\" srcset=\"https:\/\/maximastables.ru\/wp-content\/uploads\/2015\/12\/8R9T7839-360x240.jpg 360w, https:\/\/maximastables.ru\/wp-content\/uploads\/2015\/12\/8R9T7839-300x200.jpg 300w, https:\/\/maximastables.ru\/wp-content\/uploads\/2015\/12\/8R9T7839-1024x683.jpg 1024w, https:\/\/maximastables.ru\/wp-content\/uploads\/2015\/12\/8R9T7839-600x400.jpg 600w, https:\/\/maximastables.ru\/wp-content\/uploads\/2015\/12\/8R9T7839-1140x760.jpg 1140w, https:\/\/maximastables.ru\/wp-content\/uploads\/2015\/12\/8R9T7839-555x370.jpg 555w, https:\/\/maximastables.ru\/wp-content\/uploads\/2015\/12\/8R9T7839-262x175.jpg 262w, https:\/\/maximastables.ru\/wp-content\/uploads\/2015\/12\/8R9T7839.jpg 1500w\" sizes=\"(max-width: 360px) 100vw, 360px\" \/>\t\t\t\t\t\t\t<\/div><!-- \/ .thumbnail -->\n\t\t<\/div>\n\n\t\t\t\t\t<div class=\"portfolio_details project-info-pad folio has-overlay\">\n\t\t\t\t\t\t\t\t\t<h3 class=\"title\">\n\t\t\t\t\t\t\t\t\t\t\t\t\tDressage\t\t\t\t\t\t\t\t\t\t\t<\/h3>\n\t\t\t\t\t\t\t\t\t\t\t<\/div>\n\t\t\n\t\t\t\t\t<span class=\"thumbnail-overlay\">\n\t\t\t\t<span class=\"meta\">\n\t\t\t\t\t\t\t\t\t\t<div class=\"more-button \">\n\t\t\t\t\t\t<a class=\"vamtam-button accent2 hover-accent1  no-lightbox link\" target=\"_self\" href=\"https:\/\/maximastables.ru\/en\/portfolio\/vuezdka\/\" >\n\t\t\t\t\t\t\t\u0421\u043c\u043e\u0442\u0440\u0435\u0442\u044c\t\t\t\t\t\t<\/a>\n\t\t\t\t\t<\/div>\n\t\t\t\t\t\t\t\t\t<\/span>\n\t\t\t<\/span>\n\t\t\t\t\t\t<\/div>\n<\/li><li data-id=\"9204\" data-type=\"show-jumping\" class=\"no-title no-description  has-button state-closed\">\n\t<div class=\"portfolio-item-wrapper\">\n\t\t\t\t<div class=\"portfolio-image\">\n\t\t\t<div class=\"thumbnail\" style=\"max-height:400px\">\n\t\t\t\t\t\t\t\t\t\t<img width=\"360\" height=\"240\" src=\"https:\/\/maximastables.ru\/wp-content\/uploads\/2016\/01\/8R9T0325-s-360x240.jpg\" class=\"attachment-portfolio-loop-3 size-portfolio-loop-3 wp-post-image\" alt=\"\" decoding=\"async\" srcset=\"https:\/\/maximastables.ru\/wp-content\/uploads\/2016\/01\/8R9T0325-s-360x240.jpg 360w, https:\/\/maximastables.ru\/wp-content\/uploads\/2016\/01\/8R9T0325-s-300x200.jpg 300w, https:\/\/maximastables.ru\/wp-content\/uploads\/2016\/01\/8R9T0325-s-1024x683.jpg 1024w, https:\/\/maximastables.ru\/wp-content\/uploads\/2016\/01\/8R9T0325-s-600x400.jpg 600w, https:\/\/maximastables.ru\/wp-content\/uploads\/2016\/01\/8R9T0325-s-1140x760.jpg 1140w, https:\/\/maximastables.ru\/wp-content\/uploads\/2016\/01\/8R9T0325-s-555x370.jpg 555w, https:\/\/maximastables.ru\/wp-content\/uploads\/2016\/01\/8R9T0325-s-262x175.jpg 262w, https:\/\/maximastables.ru\/wp-content\/uploads\/2016\/01\/8R9T0325-s.jpg 1500w\" sizes=\"(max-width: 360px) 100vw, 360px\" \/>\t\t\t\t\t\t\t<\/div><!-- \/ .thumbnail -->\n\t\t<\/div>\n\n\t\t\t\t\t<div class=\"portfolio_details project-info-pad folio has-overlay\">\n\t\t\t\t\t\t\t\t\t<h3 class=\"title\">\n\t\t\t\t\t\t\t\t\t\t\t\t\tShow Jumping\t\t\t\t\t\t\t\t\t\t\t<\/h3>\n\t\t\t\t\t\t\t\t\t\t\t<\/div>\n\t\t\n\t\t\t\t\t<span class=\"thumbnail-overlay\">\n\t\t\t\t<span class=\"meta\">\n\t\t\t\t\t\t\t\t\t\t<div class=\"more-button \">\n\t\t\t\t\t\t<a class=\"vamtam-button accent2 hover-accent1  no-lightbox link\" target=\"_self\" href=\"https:\/\/maximastables.ru\/en\/portfolio\/koncur\/\" >\n\t\t\t\t\t\t\t\u0421\u043c\u043e\u0442\u0440\u0435\u0442\u044c\t\t\t\t\t\t<\/a>\n\t\t\t\t\t<\/div>\n\t\t\t\t\t\t\t\t\t<\/span>\n\t\t\t<\/span>\n\t\t\t\t\t\t<\/div>\n<\/li><li data-id=\"9210\" data-type=\"veterinarian-clinic\" class=\"no-title no-description  has-button state-closed\">\n\t<div class=\"portfolio-item-wrapper\">\n\t\t\t\t<div class=\"portfolio-image\">\n\t\t\t<div class=\"thumbnail\" style=\"max-height:400px\">\n\t\t\t\t\t\t\t\t\t\t<img width=\"360\" height=\"240\" src=\"https:\/\/maximastables.ru\/wp-content\/uploads\/2016\/01\/SKST0639-s-1-360x240.jpg\" class=\"attachment-portfolio-loop-3 size-portfolio-loop-3 wp-post-image\" alt=\"\u0420\u0435\u0441\u0435\u043f\u0448\u043d \u043a\u043b\u0438\u043d\u0438\u043a\u0438 Maxima Vet\" decoding=\"async\" srcset=\"https:\/\/maximastables.ru\/wp-content\/uploads\/2016\/01\/SKST0639-s-1-360x240.jpg 360w, https:\/\/maximastables.ru\/wp-content\/uploads\/2016\/01\/SKST0639-s-1-300x200.jpg 300w, https:\/\/maximastables.ru\/wp-content\/uploads\/2016\/01\/SKST0639-s-1-600x400.jpg 600w, https:\/\/maximastables.ru\/wp-content\/uploads\/2016\/01\/SKST0639-s-1-555x370.jpg 555w, https:\/\/maximastables.ru\/wp-content\/uploads\/2016\/01\/SKST0639-s-1-262x175.jpg 262w, https:\/\/maximastables.ru\/wp-content\/uploads\/2016\/01\/SKST0639-s-1.jpg 957w\" sizes=\"(max-width: 360px) 100vw, 360px\" \/>\t\t\t\t\t\t\t<\/div><!-- \/ .thumbnail -->\n\t\t<\/div>\n\n\t\t\t\t\t<div class=\"portfolio_details project-info-pad folio has-overlay\">\n\t\t\t\t\t\t\t\t\t<h3 class=\"title\">\n\t\t\t\t\t\t\t\t\t\t\t\t\tVeterinarian Clinic Maxima Vet\t\t\t\t\t\t\t\t\t\t\t<\/h3>\n\t\t\t\t\t\t\t\t\t\t\t<\/div>\n\t\t\n\t\t\t\t\t<span class=\"thumbnail-overlay\">\n\t\t\t\t<span class=\"meta\">\n\t\t\t\t\t\t\t\t\t\t<div class=\"more-button \">\n\t\t\t\t\t\t<a class=\"vamtam-button accent2 hover-accent1  no-lightbox link\" target=\"_self\" href=\"https:\/\/maximastables.ru\/en\/portfolio\/maxima-vet\/\" >\n\t\t\t\t\t\t\t\u0421\u043c\u043e\u0442\u0440\u0435\u0442\u044c\t\t\t\t\t\t<\/a>\n\t\t\t\t\t<\/div>\n\t\t\t\t\t\t\t\t\t<\/span>\n\t\t\t<\/span>\n\t\t\t\t\t\t<\/div>\n<\/li><li data-id=\"9212\" data-type=\"maxima-park-hotel-en\" class=\"no-title no-description  has-button state-closed\">\n\t<div class=\"portfolio-item-wrapper\">\n\t\t\t\t<div class=\"portfolio-image\">\n\t\t\t<div class=\"thumbnail\" style=\"max-height:400px\">\n\t\t\t\t\t\t\t\t\t\t<img width=\"360\" height=\"240\" src=\"https:\/\/maximastables.ru\/wp-content\/uploads\/2016\/01\/SKST0572-s-360x240.jpg\" class=\"attachment-portfolio-loop-3 size-portfolio-loop-3 wp-post-image\" alt=\"\u041a\u043e\u043c\u043d\u0430\u0442\u0430 \u041c\u0430\u043a\u0441\u0438\u043c\u0430 \u041f\u0430\u0440\u043a \u041e\u0442\u0435\u043b\u044c\" decoding=\"async\" srcset=\"https:\/\/maximastables.ru\/wp-content\/uploads\/2016\/01\/SKST0572-s-360x240.jpg 360w, https:\/\/maximastables.ru\/wp-content\/uploads\/2016\/01\/SKST0572-s-300x200.jpg 300w, https:\/\/maximastables.ru\/wp-content\/uploads\/2016\/01\/SKST0572-s-1024x683.jpg 1024w, https:\/\/maximastables.ru\/wp-content\/uploads\/2016\/01\/SKST0572-s-600x400.jpg 600w, https:\/\/maximastables.ru\/wp-content\/uploads\/2016\/01\/SKST0572-s-1140x760.jpg 1140w, https:\/\/maximastables.ru\/wp-content\/uploads\/2016\/01\/SKST0572-s-555x370.jpg 555w, https:\/\/maximastables.ru\/wp-content\/uploads\/2016\/01\/SKST0572-s-262x175.jpg 262w, https:\/\/maximastables.ru\/wp-content\/uploads\/2016\/01\/SKST0572-s.jpg 1200w\" sizes=\"(max-width: 360px) 100vw, 360px\" \/>\t\t\t\t\t\t\t<\/div><!-- \/ .thumbnail -->\n\t\t<\/div>\n\n\t\t\t\t\t<div class=\"portfolio_details project-info-pad folio has-overlay\">\n\t\t\t\t\t\t\t\t\t<h3 class=\"title\">\n\t\t\t\t\t\t\t\t\t\t\t\t\tMaxima Park Hotel\t\t\t\t\t\t\t\t\t\t\t<\/h3>\n\t\t\t\t\t\t\t\t\t\t\t<\/div>\n\t\t\n\t\t\t\t\t<span class=\"thumbnail-overlay\">\n\t\t\t\t<span class=\"meta\">\n\t\t\t\t\t\t\t\t\t\t<div class=\"more-button \">\n\t\t\t\t\t\t<a class=\"vamtam-button accent2 hover-accent1  no-lightbox link\" target=\"_self\" href=\"https:\/\/maximastables.ru\/en\/portfolio\/maxima-park-hotel\/\" >\n\t\t\t\t\t\t\t\u0421\u043c\u043e\u0442\u0440\u0435\u0442\u044c\t\t\t\t\t\t<\/a>\n\t\t\t\t\t<\/div>\n\t\t\t\t\t\t\t\t\t<\/span>\n\t\t\t<\/span>\n\t\t\t\t\t\t<\/div>\n<\/li>\t<\/ul>\n\t<\/section>\n<\/div>\n","protected":false},"excerpt":{"rendered":"<p>xosotin chelseath\u00f4ng tin chuy\u1ec3n nh\u01b0\u1ee3ngc\u00e2u l\u1ea1c b\u1ed9 b\u00f3ng \u0111\u00e1 arsenalb\u00f3ng \u0111\u00e1 atalantabundesligac\u1ea7u th\u1ee7 haalandUEFAevertonxosofutebol ao vivofutemaxmulticanaisonbethttps:\/\/bsport.fithttps:\/\/onbet88.ooohttps:\/\/i9bet.bizhttps:\/\/hi88.ooohttps:\/\/okvip.athttps:\/\/f8bet.athttps:\/\/fb88.cashhttps:\/\/vn88.cashhttps:\/\/shbet.atb\u00f3ng \u0111\u00e1 world cupb\u00f3ng \u0111\u00e1 inter milantin juventusbenzemala ligaclb leicester cityMUman citymessi lionelsalahnapolineymarpsgronaldoserie atottenhamvalenciaAS ROMALeverkusenac&#8230;<\/p>\n","protected":false},"author":1,"featured_media":0,"parent":0,"menu_order":0,"comment_status":"closed","ping_status":"closed","template":"","meta":{"footnotes":""},"aioseo_notices":[],"_links":{"self":[{"href":"https:\/\/maximastables.ru\/en\/wp-json\/wp\/v2\/pages\/9208"}],"collection":[{"href":"https:\/\/maximastables.ru\/en\/wp-json\/wp\/v2\/pages"}],"about":[{"href":"https:\/\/maximastables.ru\/en\/wp-json\/wp\/v2\/types\/page"}],"author":[{"embeddable":true,"href":"https:\/\/maximastables.ru\/en\/wp-json\/wp\/v2\/users\/1"}],"replies":[{"embeddable":true,"href":"https:\/\/maximastables.ru\/en\/wp-json\/wp\/v2\/comments?post=9208"}],"version-history":[{"count":2,"href":"https:\/\/maximastables.ru\/en\/wp-json\/wp\/v2\/pages\/9208\/revisions"}],"predecessor-version":[{"id":14434,"href":"https:\/\/maximastables.ru\/en\/wp-json\/wp\/v2\/pages\/9208\/revisions\/14434"}],"wp:attachment":[{"href":"https:\/\/maximastables.ru\/en\/wp-json\/wp\/v2\/media?parent=9208"}],"curies":[{"name":"wp","href":"https:\/\/api.w.org\/{rel}","templated":true}]}}